{"id":20456,"date":"2023-01-09T20:22:52","date_gmt":"2023-01-09T20:22:52","guid":{"rendered":"https:\/\/www.uetikermuseum.ch\/?page_id=20456"},"modified":"2023-04-04T10:52:19","modified_gmt":"2023-04-04T10:52:19","slug":"unser-museum","status":"publish","type":"page","link":"https:\/\/www.uetikermuseum.ch\/?page_id=20456","title":{"rendered":"Unser Museum"},"content":{"rendered":"<p>[et_pb_section fb_built=&#8220;1&#8243; _builder_version=&#8220;4.19.4&#8243; _module_preset=&#8220;default&#8220; global_colors_info=&#8220;{}&#8220;][et_pb_row _builder_version=&#8220;4.19.4&#8243; _module_preset=&#8220;default&#8220; global_colors_info=&#8220;{}&#8220;][et_pb_column type=&#8220;4_4&#8243; _builder_version=&#8220;4.19.4&#8243; _module_preset=&#8220;default&#8220; global_colors_info=&#8220;{}&#8220;][et_pb_text _builder_version=&#8220;4.20.0&#8243; _module_preset=&#8220;default&#8220; global_colors_info=&#8220;{}&#8220;]<\/p>\n<h1><span style=\"color: #00ccff;\">Unser Museum<\/span><\/h1>\n<p>[\/et_pb_text][et_pb_text _builder_version=&#8220;4.19.5&#8243; _module_preset=&#8220;default&#8220; global_colors_info=&#8220;{}&#8220;]<\/p>\n<p>Das Museum befindet sich im ersten Obergeschoss der Liegenschaft <span class=\"textKursiv\">Haus zum Riedsteg<\/span> an der Bergstrasse 109 in Uetikon am See. Aus ihrer Geschichte: <\/p>\n<p>Bis 1919: Die Gebr\u00fcder Rudolf Schnorf III. (1843 &#8211; 1918) und Albert Schnorf-Flury (*1846 &#8211; 1919), Inhaber und Leiter der 1818 als Gewerbebetrieb zur Herstellung von Schwefels\u00e4ure und\u00a0 Sulfatsalzen gegr\u00fcndeten Chemischen Fabrik in Uetikon am See \u00e4ufnen einen Fonds f\u00fcr Wohlfahrtszwecke zu Gunsten ihrer Mitarbeitenden. <\/p>\n<p>9.1.1919: Die Familie Schnorf stellt das ge\u00e4ufnete Verm\u00f6gen von 300&#8217;000 Schweizerfranken der \u00d6ffentlichkeit zur Verf\u00fcgung. Sie gr\u00fcndet dazu die <span class=\"textKursiv\">Stiftung Wohlfahrtshaus Uetikon, Stiftung der Familie Schnorf zur Fabrik<\/span>. Ein Wohlfahrtshaus mit Gemeindestube, alkoholfreier Wirtschaft, Kindergarten und R\u00e4umen f\u00fcr kirchliche und kulturelle Versammlungen sollte entstehen. <\/p>\n<p>22.10.1919: Albert Schnorf-Flury stirbt im Alter von 73 Jahren. <\/p>\n<p>Ab 1920: Die Stiftung betreibt zun\u00e4chst als Versuchsbetrieb in gemieteten R\u00e4umen im <span class=\"textKursiv\">Restaurant Sonnenhof<\/span> eine alkoholfreie Gaststube mit Lesezimmer. <\/p>\n<p>1929: Gest\u00fctzt auf die Erfahrungen im Sonnenhof\u00a0 plant und realisiert die Stiftung ein eigenes Wohlfahrtshaus im Sinne der Stifter. <\/p>\n<p>26.3.1930: Das Wohlfahrtshaus als Umbau des damaligen, kleinen <span class=\"textKursiv\">Hauses am Riedsteg<\/span> \u00f6ffnet seine Tore. <\/p>\n<p>1980er-Jahre: Der schon in den 1920er-Jahren nicht \u00fcberall beliebte Name <span class=\"textKursiv\">Wohlfahrtshaus<\/span> verschwindet allm\u00e4hlich zu Gunsten von <span class=\"textKursiv\">Caf\u00e9 Riedsteg<\/span> und sp\u00e4ter von <span class=\"textKursiv\">Restaurant Riedsteg<\/span> aus dem Sprachgebrauch der Bev\u00f6lkerung. <\/p>\n<p>Ab 1990: [Aus wirtschaftlichen Gr\u00fcnden] schenkt das Restaurant Riedsteg mit Unterst\u00fctzung der Politischen Gemeinde Uetikon am See auf die Initiative des Stiftungsrats hin Alkohol aus. <\/p>\n<p>1999: Die Politische Gemeinde Uetikon am See erwirbt den Riedstegsaal. <\/p>\n<p>2000\/2001: Sanierung und Umbau des Riedstegsaals und des Haupthauses (Restaurant) durch die Politische Gemeinde Uetikon am See respektive die Stiftung. <\/p>\n<p>Bis 2002: Planung und Realisierung des Laden- und B\u00fcrokomplexes <span class=\"textKursiv\">Riedstegzentrum<\/span> in unmittelbarer Nachbarschaft des Restaurants Riedsteg. <\/p>\n<p>2008: Umzug des Museums in die ehemalige, umgebaute und renovierte Wirtewohnung im ersten Obergeschoss. <\/p>\n<p>(Text und Recherche: Adrian K\u00fchni, Uetikon; Quellen: Privatarchiv Susanne Talaat-Schnorf, Uetikon; Ziegler, Peter, Prof. Dr.: Uetikon am See, Gemeinde Uetikon am See, 2. unver\u00e4nderte Auflage, S. 226 f, Uetikon am See, 1994.)<\/p>\n<p>[\/et_pb_text][\/et_pb_column][\/et_pb_row][\/et_pb_section][et_pb_section fb_built=&#8220;1&#8243; _builder_version=&#8220;4.19.4&#8243; _module_preset=&#8220;default&#8220; min_height=&#8220;279.8px&#8220; custom_margin=&#8220;||-378px|||&#8220; custom_padding=&#8220;||92px|||&#8220; global_colors_info=&#8220;{}&#8220;][et_pb_row column_structure=&#8220;1_2,1_2&#8243; _builder_version=&#8220;4.19.4&#8243; _module_preset=&#8220;default&#8220; global_colors_info=&#8220;{}&#8220;][et_pb_column type=&#8220;1_2&#8243; _builder_version=&#8220;4.19.4&#8243; _module_preset=&#8220;default&#8220; global_colors_info=&#8220;{}&#8220;][et_pb_text _builder_version=&#8220;4.19.4&#8243; _module_preset=&#8220;default&#8220; global_colors_info=&#8220;{}&#8220;]<\/p>\n<h1 style=\"text-align: center;\"><strong>Uetiker Museum<\/strong><\/h1>\n<p style=\"text-align: center;\">Bergstrasse 109<br \/>CH-8707 Uetikon am See<br \/>+41 843 59 31\u00a0 <\/p>\n<p style=\"text-align: center;\"><span style=\"color: #000000;\"><a href=\"mailto:contact@simek-finance.ch\" style=\"color: #000000;\">contact@uetikermuseum.ch<\/a><\/span><\/p>\n<p style=\"text-align: center;\"><span class=\"ILfuVd NA6bn\"><span class=\"hgKElc\">\u00a0<\/span><\/span><\/p>\n<p>[\/et_pb_text][\/et_pb_column][et_pb_column type=&#8220;1_2&#8243; _builder_version=&#8220;4.19.4&#8243; _module_preset=&#8220;default&#8220; global_colors_info=&#8220;{}&#8220;][et_pb_button button_text=&#8220;Impressum&#8220; button_alignment=&#8220;center&#8220; _builder_version=&#8220;4.19.4&#8243; _module_preset=&#8220;default&#8220; custom_button=&#8220;on&#8220; button_text_size=&#8220;22px&#8220; button_text_color=&#8220;#000000&#8243; button_border_width=&#8220;5px&#8220; button_border_radius=&#8220;34px&#8220; button_letter_spacing=&#8220;2px&#8220; button_icon=&#8220;&#x49;||divi||400&#8243; button_icon_color=&#8220;#000000&#8243; global_colors_info=&#8220;{}&#8220;][\/et_pb_button][\/et_pb_column][\/et_pb_row][\/et_pb_section]<\/p>\n","protected":false},"excerpt":{"rendered":"<p>Unser MuseumDas Museum befindet sich im ersten Obergeschoss der Liegenschaft Haus zum Riedsteg an der Bergstrasse 109 in Uetikon am See. Aus ihrer Geschichte: Bis 1919: Die Gebr\u00fcder Rudolf Schnorf III. (1843 &#8211; 1918) und Albert Schnorf-Flury (*1846 &#8211; 1919), Inhaber und Leiter der 1818 als Gewerbebetrieb zur Herstellung von Schwefels\u00e4ure und\u00a0 Sulfatsalzen gegr\u00fcndeten Chemischen [&hellip;]<\/p>\n","protected":false},"author":1,"featured_media":0,"parent":0,"menu_order":0,"comment_status":"closed","ping_status":"closed","template":"","meta":{"_et_pb_use_builder":"on","_et_pb_old_content":"","_et_gb_content_width":"","footnotes":""},"class_list":["post-20456","page","type-page","status-publish","hentry"],"_links":{"self":[{"href":"https:\/\/www.uetikermuseum.ch\/index.php?rest_route=\/wp\/v2\/pages\/20456","targetHints":{"allow":["GET"]}}],"collection":[{"href":"https:\/\/www.uetikermuseum.ch\/index.php?rest_route=\/wp\/v2\/pages"}],"about":[{"href":"https:\/\/www.uetikermuseum.ch\/index.php?rest_route=\/wp\/v2\/types\/page"}],"author":[{"embeddable":true,"href":"https:\/\/www.uetikermuseum.ch\/index.php?rest_route=\/wp\/v2\/users\/1"}],"replies":[{"embeddable":true,"href":"https:\/\/www.uetikermuseum.ch\/index.php?rest_route=%2Fwp%2Fv2%2Fcomments&post=20456"}],"version-history":[{"count":1,"href":"https:\/\/www.uetikermuseum.ch\/index.php?rest_route=\/wp\/v2\/pages\/20456\/revisions"}],"predecessor-version":[{"id":22259,"href":"https:\/\/www.uetikermuseum.ch\/index.php?rest_route=\/wp\/v2\/pages\/20456\/revisions\/22259"}],"wp:attachment":[{"href":"https:\/\/www.uetikermuseum.ch\/index.php?rest_route=%2Fwp%2Fv2%2Fmedia&parent=20456"}],"curies":[{"name":"wp","href":"https:\/\/api.w.org\/{rel}","templated":true}]}}