{"id":20465,"date":"2023-01-09T20:27:18","date_gmt":"2023-01-09T20:27:18","guid":{"rendered":"https:\/\/www.uetikermuseum.ch\/?page_id=20465"},"modified":"2023-04-04T10:50:44","modified_gmt":"2023-04-04T10:50:44","slug":"ueber-uns","status":"publish","type":"page","link":"https:\/\/www.uetikermuseum.ch\/?page_id=20465","title":{"rendered":"Unser Verein"},"content":{"rendered":"<p>[et_pb_section fb_built=&#8220;1&#8243; _builder_version=&#8220;4.19.4&#8243; _module_preset=&#8220;default&#8220; global_colors_info=&#8220;{}&#8220;][et_pb_row _builder_version=&#8220;4.19.4&#8243; _module_preset=&#8220;default&#8220; global_colors_info=&#8220;{}&#8220;][et_pb_column type=&#8220;4_4&#8243; _builder_version=&#8220;4.19.4&#8243; _module_preset=&#8220;default&#8220; global_colors_info=&#8220;{}&#8220;][et_pb_text _builder_version=&#8220;4.20.0&#8243; _module_preset=&#8220;default&#8220; global_colors_info=&#8220;{}&#8220;]<\/p>\n<h1><span style=\"color: #00ccff;\">Unser Verein<\/span><\/h1>\n<p>[\/et_pb_text][et_pb_text _builder_version=&#8220;4.19.5&#8243; _module_preset=&#8220;default&#8220; global_colors_info=&#8220;{}&#8220;]<\/p>\n<p class=\"icmsPContent\" style=\"box-sizing: border-box; margin-bottom: 1rem; margin-top: 0px; font-size: 16px; line-height: 1.5 !important; color: #000000; font-family: 'Open Sans'; font-style: normal; font-variant-ligatures: normal; font-variant-caps: normal; font-weight: 400; letter-spacing: normal; orphans: 2; text-align: left; text-indent: 0px; text-transform: none; white-space: normal; widows: 2; word-spacing: 0px; -webkit-text-stroke-width: 0px; background-color: #ffffff; text-decoration-thickness: initial; text-decoration-style: initial; text-decoration-color: initial;\">Das Uetiker Museum (Ortsmuseum) wird vom gleichnamigen Verein gef\u00fchrt. Das Lokal befindet sich an der Bergstrasse 109 im Haus zum Riedsteg.<\/p>\n<p class=\"icmsPContent\" style=\"box-sizing: border-box; margin-bottom: 1rem; margin-top: 0px; font-size: 16px; line-height: 1.5 !important; color: #000000; font-family: 'Open Sans'; font-style: normal; font-variant-ligatures: normal; font-variant-caps: normal; font-weight: 400; letter-spacing: normal; orphans: 2; text-align: left; text-indent: 0px; text-transform: none; white-space: normal; widows: 2; word-spacing: 0px; -webkit-text-stroke-width: 0px; background-color: #ffffff; text-decoration-thickness: initial; text-decoration-style: initial; text-decoration-color: initial;\"><strong style=\"box-sizing: border-box; font-weight: bolder;\">Ziele des Vereins:<\/strong><br style=\"box-sizing: border-box;\" \/>Koordination, Aufbau und Betrieb des Uetiker Museums.<\/p>\n<p class=\"icmsPContent\" style=\"box-sizing: border-box; margin-bottom: 1rem; margin-top: 0px; font-size: 16px; line-height: 1.5 !important; color: #000000; font-family: 'Open Sans'; font-style: normal; font-variant-ligatures: normal; font-variant-caps: normal; font-weight: 400; letter-spacing: normal; orphans: 2; text-align: left; text-indent: 0px; text-transform: none; white-space: normal; widows: 2; word-spacing: 0px; -webkit-text-stroke-width: 0px; background-color: #ffffff; text-decoration-thickness: initial; text-decoration-style: initial; text-decoration-color: initial;\"><strong style=\"box-sizing: border-box; font-weight: bolder;\">Leistungsauftrag der Gemeinde<\/strong><br style=\"box-sizing: border-box;\" \/>In einem Leistungsauftrag verpflichtet sich der Verein gegen\u00fcber der Gemeinde, das Archiv der Geschichte des Dorfes zu betreuen und der Bev\u00f6lkerung zug\u00e4nglich zu machen. In Ausstellungen werden Einzelaspekte der Dorfgeschichte dargestellt. Alle Sammlungsgegenst\u00e4nde bleiben im Besitz der Gemeinde.<\/p>\n<p class=\"icmsPContent icms-wysiwyg-last\" style=\"box-sizing: border-box; margin-bottom: 1rem; margin-top: 0px; font-size: 16px; line-height: 1.5 !important; color: #000000; font-family: 'Open Sans'; font-style: normal; font-variant-ligatures: normal; font-variant-caps: normal; font-weight: 400; letter-spacing: normal; orphans: 2; text-align: left; text-indent: 0px; text-transform: none; white-space: normal; widows: 2; word-spacing: 0px; -webkit-text-stroke-width: 0px; background-color: #ffffff; text-decoration-thickness: initial; text-decoration-style: initial; text-decoration-color: initial;\"><strong style=\"box-sizing: border-box; font-weight: bolder;\">Der Verein Uetiker Museum<\/strong><br style=\"box-sizing: border-box;\" \/>Die Mitglieder setzen sich daf\u00fcr ein, die Dorfgeschichte zu sammeln und zu bewahren. Mit tempor\u00e4ren Ausstellungen will man die Bev\u00f6lkerung f\u00fcr Einzelaspekte der Vergangenheit und der Gegenwart interessieren. Zur festen Sammlung geh\u00f6ren Dokumente, Bilder, Fotosammlungen, Pl\u00e4ne und Vertr\u00e4ge. Sie stehen zur Einsicht offen. Als Hauptthema des Uetiker Museums wird die Industrieentwicklung am rechten Z\u00fcrichsee Ufer aufgearbeitet.<\/p>\n<p>[\/et_pb_text][et_pb_text _builder_version=&#8220;4.19.5&#8243; _module_preset=&#8220;default&#8220; global_colors_info=&#8220;{}&#8220;]<\/p>\n<h2 class=\"\" style=\"box-sizing: border-box; margin: 0px 0px 1rem; font-weight: 400; line-height: 1.2 !important; font-size: 2.1rem !important; padding: 0.25em 0px 0px; color: #000000; font-family: 'Open Sans'; hyphens: auto; word-break: break-word; font-style: normal; font-variant-ligatures: normal; font-variant-caps: normal; letter-spacing: normal; orphans: 2; text-align: left; text-indent: 0px; text-transform: none; white-space: normal; widows: 2; word-spacing: 0px; -webkit-text-stroke-width: 0px; background-color: #ffffff; text-decoration-thickness: initial; text-decoration-style: initial; text-decoration-color: initial;\">\u00d6ffnungszeiten<\/h2>\n<div class=\"icms-wysiwyg\" style=\"box-sizing: border-box; color: #000000; font-family: 'Open Sans'; font-size: 16px; font-style: normal; font-variant-ligatures: normal; font-variant-caps: normal; font-weight: 400; letter-spacing: normal; orphans: 2; text-align: left; text-indent: 0px; text-transform: none; white-space: normal; widows: 2; word-spacing: 0px; -webkit-text-stroke-width: 0px; background-color: #ffffff; text-decoration-thickness: initial; text-decoration-style: initial; text-decoration-color: initial;\">\n<p class=\"icmsPContent icms-wysiwyg-first icms-wysiwyg-last\" style=\"box-sizing: border-box; margin-bottom: 1rem; margin-top: 0px; font-size: 16px !important; line-height: 1.5 !important;\">Sonntag, 14.00-17.00 Uhr (Eintritt frei), F\u00fchrungen auf Anfrage auch zu anderen Zeiten m\u00f6glich. Das Museum ist im Juli \/ August, zwischen Weihnachten und Neujahr sowie an Ostern und Pfingsten geschlossen.<\/p>\n<\/div>\n<p>[\/et_pb_text][et_pb_image src=&#8220;https:\/\/www.uetikermuseum.ch\/wp-content\/uploads\/2023\/03\/6422f55b1ecfe.jpg&#8220; title_text=&#8220;012 02 002 Ost 1969 07 12 Ausw Scaled 1&#8243; _builder_version=&#8220;4.20.4&#8243; _module_preset=&#8220;default&#8220; hover_enabled=&#8220;0&#8243; global_colors_info=&#8220;{}&#8220; sticky_enabled=&#8220;0&#8243;][\/et_pb_image][\/et_pb_column][\/et_pb_row][\/et_pb_section]<\/p>\n","protected":false},"excerpt":{"rendered":"<p>Unser VereinDas Uetiker Museum (Ortsmuseum) wird vom gleichnamigen Verein gef\u00fchrt. Das Lokal befindet sich an der Bergstrasse 109 im Haus zum Riedsteg. Ziele des Vereins:Koordination, Aufbau und Betrieb des Uetiker Museums. Leistungsauftrag der GemeindeIn einem Leistungsauftrag verpflichtet sich der Verein gegen\u00fcber der Gemeinde, das Archiv der Geschichte des Dorfes zu betreuen und der Bev\u00f6lkerung zug\u00e4nglich [&hellip;]<\/p>\n","protected":false},"author":1,"featured_media":0,"parent":0,"menu_order":0,"comment_status":"closed","ping_status":"closed","template":"","meta":{"_et_pb_use_builder":"on","_et_pb_old_content":"","_et_gb_content_width":"","footnotes":""},"class_list":["post-20465","page","type-page","status-publish","hentry"],"_links":{"self":[{"href":"https:\/\/www.uetikermuseum.ch\/index.php?rest_route=\/wp\/v2\/pages\/20465","targetHints":{"allow":["GET"]}}],"collection":[{"href":"https:\/\/www.uetikermuseum.ch\/index.php?rest_route=\/wp\/v2\/pages"}],"about":[{"href":"https:\/\/www.uetikermuseum.ch\/index.php?rest_route=\/wp\/v2\/types\/page"}],"author":[{"embeddable":true,"href":"https:\/\/www.uetikermuseum.ch\/index.php?rest_route=\/wp\/v2\/users\/1"}],"replies":[{"embeddable":true,"href":"https:\/\/www.uetikermuseum.ch\/index.php?rest_route=%2Fwp%2Fv2%2Fcomments&post=20465"}],"version-history":[{"count":1,"href":"https:\/\/www.uetikermuseum.ch\/index.php?rest_route=\/wp\/v2\/pages\/20465\/revisions"}],"predecessor-version":[{"id":22258,"href":"https:\/\/www.uetikermuseum.ch\/index.php?rest_route=\/wp\/v2\/pages\/20465\/revisions\/22258"}],"wp:attachment":[{"href":"https:\/\/www.uetikermuseum.ch\/index.php?rest_route=%2Fwp%2Fv2%2Fmedia&parent=20465"}],"curies":[{"name":"wp","href":"https:\/\/api.w.org\/{rel}","templated":true}]}}