{"id":45857,"date":"2025-08-02T09:39:06","date_gmt":"2025-08-02T09:39:06","guid":{"rendered":"https:\/\/www.uetikermuseum.ch\/?page_id=45857"},"modified":"2025-08-02T09:39:06","modified_gmt":"2025-08-02T09:39:06","slug":"impressum","status":"publish","type":"page","link":"https:\/\/www.uetikermuseum.ch\/?page_id=45857","title":{"rendered":"Impressum"},"content":{"rendered":"<p>[et_pb_section fb_built=&#8220;1&#8243; _builder_version=&#8220;4.27.4&#8243; _module_preset=&#8220;default&#8220; global_colors_info=&#8220;{}&#8220;][et_pb_row column_structure=&#8220;1_2,1_2&#8243; _builder_version=&#8220;4.27.4&#8243; _module_preset=&#8220;default&#8220; global_colors_info=&#8220;{}&#8220;][et_pb_column type=&#8220;1_2&#8243; _builder_version=&#8220;4.27.4&#8243; _module_preset=&#8220;default&#8220; global_colors_info=&#8220;{}&#8220;][et_pb_text _builder_version=&#8220;4.27.4&#8243; _module_preset=&#8220;default&#8220; hover_enabled=&#8220;0&#8243; global_colors_info=&#8220;{}&#8220; sticky_enabled=&#8220;0&#8243;]<\/p>\n<div class=\"vc_col-sm-8\">\n<div class=\"vc_column-inner     \">\n<div class=\"wpb_wrapper\">\n<div class=\"wpb_text_column wpb_content_element  \">\n<div class=\"wpb_wrapper\">\n<div class=\"vc_col-sm-8\">\n<div class=\"vc_column-inner \">\n<div class=\"wpb_wrapper\">\n<div class=\"wpb_text_column wpb_content_element \">\n<div class=\"wpb_wrapper\">\n<h2>Inhaber<\/h2>\n<p>Uetiker Museum<br \/>Haus zum Riedsteg 1.OG<br \/>Bergstrasse 109<br \/>8707 Uetikon am See<br \/><a title=\"info@tatzelwurm.ch\" href=\"mailto:info@tatzelwurm.ch\">contact@uetikermuseum.ch<\/a><\/p>\n<p><strong>Sicherheit<\/strong><\/p>\n<p>Es wird darauf hingewiesen, dass die Sicherheit der Kommunikation \u00fcber Internet oder E-mail nicht gew\u00e4hrleistet ist. Jegliche Haftung f\u00fcr Verletzungen des Berufsgeheimnisses, bedingt durch die Kommunikation \u00fcber Internet oder E-mail, wird abgelehnt. F\u00fcr vertrauliche und wichtige Mitteilungen empfehlen wir Ihnen die \u00dcbermittlung mittels Post-, oder Kuriersendung.<\/p>\n<p><strong>Haftungsausschluss<br \/><\/strong>Diese Website wurde mit gr\u00f6sstm\u00f6glicher Sorgfalt zusammengestellt. Trotzdem kann f\u00fcr die Fehlerfreiheit und Genauigkeit der enthaltenen Informationen nicht garantiert werden. Carrosserie Neeser schliesst jegliche Haftung f\u00fcr Sch\u00e4den, die direkt oder indirekt aus der Benutzung dieser Website entstehen aus, soweit diese nicht auf Vorsatz oder grober Fahrl\u00e4ssigkeit beruht.<\/p>\n<p><strong>Externe Verweise und Links<\/strong><br \/>Trotz sorgf\u00e4ltiger inhaltlicher Kontrolle \u00fcbernehmen wir keine Haftung f\u00fcr die Inhalte externer Links. F\u00fcr den Inhalt der verlinkten Seiten sind ausschliesslich deren Betreiber verantwortlich.<\/p>\n<p><strong>Copyright<\/strong><br \/>Der Inhalt dieser Website, insbesondere alle Texte, Bilder, Grafiken, Logos, Webcam-Bilder, Ton-, Video- und Animationsdateien sowie auch ihre Arrangements, unterliegen dem Urheberrecht und anderen Gesetzen zum Schutz geistigen Eigentums.<\/p>\n<\/div>\n<\/div>\n<\/div>\n<\/div>\n<\/div>\n<\/div>\n<\/div>\n<\/div>\n<\/div>\n<\/div>\n<p>[\/et_pb_text][\/et_pb_column][et_pb_column type=&#8220;1_2&#8243; _builder_version=&#8220;4.27.4&#8243; _module_preset=&#8220;default&#8220; global_colors_info=&#8220;{}&#8220;][et_pb_text _builder_version=&#8220;4.27.4&#8243; _module_preset=&#8220;default&#8220; hover_enabled=&#8220;0&#8243; sticky_enabled=&#8220;0&#8243;]<\/p>\n<div class=\"wpb_text_column wpb_content_element  \">\n<div class=\"wpb_wrapper\">\n<h3>Webdesign und Umsetzung<\/h3>\n<p>Bruno Truninger<br \/>Talstrasse 21<br \/>8707 Uetikon am See<\/p>\n<\/div>\n<\/div>\n<p>[\/et_pb_text][\/et_pb_column][\/et_pb_row][\/et_pb_section]<\/p>\n","protected":false},"excerpt":{"rendered":"<p>Inhaber Uetiker MuseumHaus zum Riedsteg 1.OGBergstrasse 1098707 Uetikon am Seecontact@uetikermuseum.ch Sicherheit Es wird darauf hingewiesen, dass die Sicherheit der Kommunikation \u00fcber Internet oder E-mail nicht gew\u00e4hrleistet ist. Jegliche Haftung f\u00fcr Verletzungen des Berufsgeheimnisses, bedingt durch die Kommunikation \u00fcber Internet oder E-mail, wird abgelehnt. F\u00fcr vertrauliche und wichtige Mitteilungen empfehlen wir Ihnen die \u00dcbermittlung mittels Post-, [&hellip;]<\/p>\n","protected":false},"author":1,"featured_media":0,"parent":0,"menu_order":0,"comment_status":"closed","ping_status":"closed","template":"","meta":{"_et_pb_use_builder":"on","_et_pb_old_content":"","_et_gb_content_width":"","footnotes":""},"class_list":["post-45857","page","type-page","status-publish","hentry"],"_links":{"self":[{"href":"https:\/\/www.uetikermuseum.ch\/index.php?rest_route=\/wp\/v2\/pages\/45857","targetHints":{"allow":["GET"]}}],"collection":[{"href":"https:\/\/www.uetikermuseum.ch\/index.php?rest_route=\/wp\/v2\/pages"}],"about":[{"href":"https:\/\/www.uetikermuseum.ch\/index.php?rest_route=\/wp\/v2\/types\/page"}],"author":[{"embeddable":true,"href":"https:\/\/www.uetikermuseum.ch\/index.php?rest_route=\/wp\/v2\/users\/1"}],"replies":[{"embeddable":true,"href":"https:\/\/www.uetikermuseum.ch\/index.php?rest_route=%2Fwp%2Fv2%2Fcomments&post=45857"}],"version-history":[{"count":4,"href":"https:\/\/www.uetikermuseum.ch\/index.php?rest_route=\/wp\/v2\/pages\/45857\/revisions"}],"predecessor-version":[{"id":45866,"href":"https:\/\/www.uetikermuseum.ch\/index.php?rest_route=\/wp\/v2\/pages\/45857\/revisions\/45866"}],"wp:attachment":[{"href":"https:\/\/www.uetikermuseum.ch\/index.php?rest_route=%2Fwp%2Fv2%2Fmedia&parent=45857"}],"curies":[{"name":"wp","href":"https:\/\/api.w.org\/{rel}","templated":true}]}}